{"id":353,"date":"2019-11-25T15:35:52","date_gmt":"2019-11-25T13:35:52","guid":{"rendered":"https:\/\/xyliderm.fi\/?page_id=353"},"modified":"2019-11-27T08:28:09","modified_gmt":"2019-11-27T06:28:09","slug":"tietosuojaseloste","status":"publish","type":"page","link":"https:\/\/xyliderm.fi\/?page_id=353","title":{"rendered":"Tietosuojaseloste"},"content":{"rendered":"\t\t<div data-elementor-type=\"wp-page\" data-elementor-id=\"353\" class=\"elementor elementor-353\" data-elementor-post-type=\"page\">\n\t\t\t\t\t\t<section class=\"elementor-section elementor-top-section elementor-element elementor-element-f0a97fe elementor-section-boxed elementor-section-height-default elementor-section-height-default\" data-id=\"f0a97fe\" data-element_type=\"section\" data-e-type=\"section\">\n\t\t\t\t\t\t<div class=\"elementor-container elementor-column-gap-default\">\n\t\t\t\t\t<div class=\"elementor-column elementor-col-100 elementor-top-column elementor-element elementor-element-3ee7f3f\" data-id=\"3ee7f3f\" data-element_type=\"column\" data-e-type=\"column\">\n\t\t\t<div class=\"elementor-widget-wrap elementor-element-populated\">\n\t\t\t\t\t\t<div class=\"elementor-element elementor-element-b086749 elementor-widget elementor-widget-heading\" data-id=\"b086749\" data-element_type=\"widget\" data-e-type=\"widget\" data-widget_type=\"heading.default\">\n\t\t\t\t<div class=\"elementor-widget-container\">\n\t\t\t\t\t<h2 class=\"elementor-heading-title elementor-size-default\">Decem Pharma Oy:n tietosuoja- ja rekisteriseloste <\/h2>\t\t\t\t<\/div>\n\t\t\t\t<\/div>\n\t\t\t\t<div class=\"elementor-element elementor-element-83d2ab9 elementor-widget elementor-widget-text-editor\" data-id=\"83d2ab9\" data-element_type=\"widget\" data-e-type=\"widget\" data-widget_type=\"text-editor.default\">\n\t\t\t\t<div class=\"elementor-widget-container\">\n\t\t\t\t\t\t\t\t\t<p>Rekisterinpit\u00e4j\u00e4ll\u00e4 on tietosuoja-asetuksen mukaan velvollisuus informoida selke\u00e4ll\u00e4 tavalla<br \/>Decem Pharma Oy:n hallinnoimien sivujen kautta mahdollisesti ker\u00e4tt\u00e4vist\u00e4 henkil\u00f6tiedoista.<\/p><h4>1. Rekisterinpit\u00e4j\u00e4<\/h4><p><strong>Decem Pharma Oy<\/strong><\/p><p><strong>Yhteystiedot:<\/strong><br \/>Pakkalankuja 6<br \/>01510 Vantaa<\/p><p><strong>Yhteystiedot rekisteri\u00e4 koskevissa asioissa<\/strong><\/p><p>Decem Pharma Oy \/ Erno Lehtovirta<br \/>Pakkalankuja 6<br \/>01510 Vantaa<br \/>+358 50 430 5992<br \/>erno.lehtovirta@decempharma.fi<\/p><h4>2. Rekisterit<\/h4><p>Decem Pharma Oy ei ker\u00e4\u00e4 automaattisesti mit\u00e4\u00e4n henkil\u00f6tietoja k\u00e4ytt\u00e4jist\u00e4. Ainoastaan siin\u00e4 tapauksessa, jos sivuston k\u00e4ytt\u00e4j\u00e4 itse l\u00e4hett\u00e4\u00e4 sivujen kautta tai s\u00e4hk\u00f6postilla tietoja itsest\u00e4\u00e4n (esimerkiksi lomakkeen kautta), saatetaan tietoja ker\u00e4t\u00e4 rekisteriin.<\/p><p>N\u00e4it\u00e4 rekistereit\u00e4 ovat:<\/p><ul><li>Asiakasrekisteri<\/li><li>Tuotevirherekisteri<\/li><\/ul><p>\u00a0<\/p><h4>3. Henkil\u00f6tietojen k\u00e4ytt\u00f6tarkoitus<\/h4><p>Rekisterin pit\u00e4misen peruste:<\/p><ul><li>Henkil\u00f6tietoja ker\u00e4t\u00e4\u00e4n ja k\u00e4sitell\u00e4\u00e4n ainoastaan asiakassuhteen hoitamista varten.<\/li><\/ul><p>\u00a0<\/p><p><strong>Henkil\u00f6tietojen k\u00e4sittelyn ja rekisterin k\u00e4ytt\u00f6tarkoitus<\/strong><\/p><p>Henkil\u00f6tietoja k\u00e4sitell\u00e4\u00e4n vain ennalta m\u00e4\u00e4riteltyihin tarkoituksiin, jotka ovat seuraavat:<\/p><ul><li>asiakassuhteen hoitaminen<\/li><li>palveluistamme kertominen<\/li><li>tuotevirheiden ilmoittaminen ja hoitaminen<\/li><li>lakien velvoitteiden t\u00e4ytt\u00e4minen<\/li><li>mahdollisten kilpailujen tai arvontojen toteuttaminen<\/li><\/ul><p>\u00a0<\/p><p><strong>Rekistereiden tietoja ei k\u00e4ytet\u00e4 suoramarkkinointiin.<\/strong><\/p><h4>4. Rekisteriin tallennettavat henkil\u00f6tiedot<\/h4><p>Asiakas- ja tuotevirherekisteri sis\u00e4lt\u00e4v\u00e4t seuraavat tiedot:<\/p><p>Yhteystiedot<\/p><ul><li>nimi<\/li><li>osoite (jos annettu)<\/li><li>s\u00e4hk\u00f6posti (jos annettu)<\/li><li>puhelinnumero (jos annettu)<\/li><\/ul><p>Asiakastiedot<\/p><ul><li>tiedot k\u00e4ytetyist\u00e4 tuotteista \/ palveluista<\/li><\/ul><h4>5. Tietol\u00e4hteet<\/h4><p>Rekisterin tiedot saadaan k\u00e4ytt\u00e4j\u00e4n itsens\u00e4 antamina joko sivustojen, s\u00e4hk\u00f6postin tai puhelinkeskustelujen kautta.<\/p><h4>6. Tietojen luovutus<\/h4><p>Tietoja ei l\u00e4ht\u00f6kohtaisesti luovuteta ulkopuolisille tahoille. Mik\u00e4li tuotevirheiden tai haittavaikutusten hoitaminen niin edellytt\u00e4\u00e4, saatetaan tietoja luovuttaa esimerkiksi viranomaisille tai tuotteen valmistajalle.<\/p><p>Tietoja ei luovuteta ulkopuolisille tahoille markkinointitarkoituksessa.<\/p><h4>7. Rekisterin suojaukset<\/h4><p>Rekistereihin ei ole p\u00e4\u00e4sy\u00e4 ulkopuolisilla. Ainoastaan Decem Pharma Oy:n osoittamilla ty\u00f6ntekij\u00f6ill\u00e4 on p\u00e4\u00e4sy rekistereihin. Rekisterin yll\u00e4pidossa ja suojauksessa noudatetaan tarpeen mukaisia tietosuojak\u00e4yt\u00e4nt\u00f6j\u00e4.<\/p><h4>8. S\u00e4ilytysaika<\/h4><p>Rekistereiden tietoja s\u00e4ilyt\u00e4\u00e4n asioiden hoitamiseen tarvittavan ajan.<\/p><h4>9. Rekister\u00f6idyn oikeudet<\/h4><p>Rekister\u00f6idyll\u00e4 on seuraavat oikeudet, joiden k\u00e4ytt\u00e4mist\u00e4 koskevat pyynn\u00f6t tulee tehd\u00e4 osoitteeseen erno.lehtovirta@decempharma.fi<\/p><p><strong>Tarkastusoikeus<\/strong><\/p><p>Rekister\u00f6ity voi tarkistaa tallentamamme henkil\u00f6tiedot.<\/p><p><strong>Oikeus tietojen oikaisemiseen<\/strong><\/p><p>Rekister\u00f6ity voi pyyt\u00e4\u00e4 oikaisemaan h\u00e4nt\u00e4 koskevat virheelliset tai puutteelliset tiedot.<\/p><p><strong>Vastustamisoikeus<\/strong><\/p><p>Rekister\u00f6ity voi vastustaa henkil\u00f6tietojen k\u00e4sittely\u00e4, mik\u00e4li kokee, ett\u00e4 henkil\u00f6tietoja on k\u00e4sitelty lainvastaisesti.<\/p><p><strong>Poisto-oikeus<\/strong><\/p><p>Rekister\u00f6idyll\u00e4 on oikeus pyyt\u00e4\u00e4 tietojen poistamista, jos tietojen k\u00e4sittely ei ole tarpeen. K\u00e4sittelemme poistopyynn\u00f6n, jonka j\u00e4lkeen joko poistamme tiedot tai ilmoitamme perustellun syyn, miksi tietoja ei voida poistaa.<\/p><p>On huomioitava, ett\u00e4 rekisterinpit\u00e4j\u00e4ll\u00e4 voi olla lakis\u00e4\u00e4teinen tai muu oikeus olla poistamatta pyydetty\u00e4 tietoa.<\/p><p><strong>Valitusoikeus<\/strong><\/p><p>Rekister\u00f6idyll\u00e4 on oikeus tehd\u00e4 valitus tietosuojavaltuutetulle kantelu, jos h\u00e4n kokee, ett\u00e4 rikomme henkil\u00f6tietoja k\u00e4sitelless\u00e4mme voimassa olevaa tietosuojalains\u00e4\u00e4d\u00e4nt\u00f6\u00e4.<\/p><p>Tietosuojavaltuutetun yhteystiedot: <span style=\"color: #cc99ff;\"><a style=\"color: #74bf44;\" href=\"http:\/\/www.tietosuoja.fi\/fi\/index\/yhteystiedot.html\" target=\"_blank\" rel=\"noopener\"> www.tietosuoja.fi\/fi\/index\/yhteystiedot.html<\/a><\/span><\/p>\t\t\t\t\t\t\t\t<\/div>\n\t\t\t\t<\/div>\n\t\t\t\t\t<\/div>\n\t\t<\/div>\n\t\t\t\t\t<\/div>\n\t\t<\/section>\n\t\t\t\t<\/div>\n\t\t","protected":false},"excerpt":{"rendered":"<p>Decem Pharma Oy:n tietosuoja- ja rekisteriseloste Rekisterinpit\u00e4j\u00e4ll\u00e4 on tietosuoja-asetuksen mukaan velvollisuus informoida selke\u00e4ll\u00e4 tavallaDecem Pharma Oy:n hallinnoimien sivujen kautta mahdollisesti ker\u00e4tt\u00e4vist\u00e4 henkil\u00f6tiedoista. 1. Rekisterinpit\u00e4j\u00e4 Decem Pharma Oy Yhteystiedot:Pakkalankuja 601510 Vantaa Yhteystiedot rekisteri\u00e4 koskevissa asioissa Decem Pharma Oy \/ Erno LehtovirtaPakkalankuja 601510 Vantaa+358 50 430 5992erno.lehtovirta@decempharma.fi 2. Rekisterit Decem Pharma Oy ei ker\u00e4\u00e4 automaattisesti mit\u00e4\u00e4n henkil\u00f6tietoja [&hellip;]<\/p>\n","protected":false},"author":1,"featured_media":0,"parent":0,"menu_order":0,"comment_status":"closed","ping_status":"closed","template":"elementor_header_footer","meta":{"footnotes":""},"class_list":["post-353","page","type-page","status-publish","hentry"],"yoast_head":"<!-- This site is optimized with the Yoast SEO plugin v27.5 - https:\/\/yoast.com\/product\/yoast-seo-wordpress\/ -->\n<title>Tietosuojaseloste - Xyliderm<\/title>\n<meta name=\"robots\" content=\"index, follow, max-snippet:-1, max-image-preview:large, max-video-preview:-1\" \/>\n<link rel=\"canonical\" href=\"https:\/\/xyliderm.fi\/?page_id=353\" \/>\n<meta property=\"og:locale\" content=\"en_US\" \/>\n<meta property=\"og:type\" content=\"article\" \/>\n<meta property=\"og:title\" content=\"Tietosuojaseloste - Xyliderm\" \/>\n<meta property=\"og:description\" content=\"Decem Pharma Oy:n tietosuoja- ja rekisteriseloste Rekisterinpit\u00e4j\u00e4ll\u00e4 on tietosuoja-asetuksen mukaan velvollisuus informoida selke\u00e4ll\u00e4 tavallaDecem Pharma Oy:n hallinnoimien sivujen kautta mahdollisesti ker\u00e4tt\u00e4vist\u00e4 henkil\u00f6tiedoista. 1. Rekisterinpit\u00e4j\u00e4 Decem Pharma Oy Yhteystiedot:Pakkalankuja 601510 Vantaa Yhteystiedot rekisteri\u00e4 koskevissa asioissa Decem Pharma Oy \/ Erno LehtovirtaPakkalankuja 601510 Vantaa+358 50 430 5992erno.lehtovirta@decempharma.fi 2. Rekisterit Decem Pharma Oy ei ker\u00e4\u00e4 automaattisesti mit\u00e4\u00e4n henkil\u00f6tietoja [&hellip;]\" \/>\n<meta property=\"og:url\" content=\"https:\/\/xyliderm.fi\/?page_id=353\" \/>\n<meta property=\"og:site_name\" content=\"Xyliderm\" \/>\n<meta property=\"article:publisher\" content=\"https:\/\/www.facebook.com\/DecemPharma\/\" \/>\n<meta property=\"article:modified_time\" content=\"2019-11-27T06:28:09+00:00\" \/>\n<meta name=\"twitter:card\" content=\"summary_large_image\" \/>\n<meta name=\"twitter:label1\" content=\"Est. reading time\" \/>\n\t<meta name=\"twitter:data1\" content=\"2 minutes\" \/>\n<script type=\"application\/ld+json\" class=\"yoast-schema-graph\">{\"@context\":\"https:\\\/\\\/schema.org\",\"@graph\":[{\"@type\":\"WebPage\",\"@id\":\"https:\\\/\\\/xyliderm.fi\\\/?page_id=353\",\"url\":\"https:\\\/\\\/xyliderm.fi\\\/?page_id=353\",\"name\":\"Tietosuojaseloste - Xyliderm\",\"isPartOf\":{\"@id\":\"https:\\\/\\\/xyliderm.fi\\\/#website\"},\"datePublished\":\"2019-11-25T13:35:52+00:00\",\"dateModified\":\"2019-11-27T06:28:09+00:00\",\"breadcrumb\":{\"@id\":\"https:\\\/\\\/xyliderm.fi\\\/?page_id=353#breadcrumb\"},\"inLanguage\":\"en-US\",\"potentialAction\":[{\"@type\":\"ReadAction\",\"target\":[\"https:\\\/\\\/xyliderm.fi\\\/?page_id=353\"]}]},{\"@type\":\"BreadcrumbList\",\"@id\":\"https:\\\/\\\/xyliderm.fi\\\/?page_id=353#breadcrumb\",\"itemListElement\":[{\"@type\":\"ListItem\",\"position\":1,\"name\":\"Home\",\"item\":\"https:\\\/\\\/xyliderm.fi\\\/\"},{\"@type\":\"ListItem\",\"position\":2,\"name\":\"Tietosuojaseloste\"}]},{\"@type\":\"WebSite\",\"@id\":\"https:\\\/\\\/xyliderm.fi\\\/#website\",\"url\":\"https:\\\/\\\/xyliderm.fi\\\/\",\"name\":\"Xyliderm\",\"description\":\"Ksylitoli tekee hyv\u00e4\u00e4 my\u00f6s iholle\",\"publisher\":{\"@id\":\"https:\\\/\\\/xyliderm.fi\\\/#organization\"},\"potentialAction\":[{\"@type\":\"SearchAction\",\"target\":{\"@type\":\"EntryPoint\",\"urlTemplate\":\"https:\\\/\\\/xyliderm.fi\\\/?s={search_term_string}\"},\"query-input\":{\"@type\":\"PropertyValueSpecification\",\"valueRequired\":true,\"valueName\":\"search_term_string\"}}],\"inLanguage\":\"en-US\"},{\"@type\":\"Organization\",\"@id\":\"https:\\\/\\\/xyliderm.fi\\\/#organization\",\"name\":\"Decem Pharma Oy\",\"url\":\"https:\\\/\\\/xyliderm.fi\\\/\",\"logo\":{\"@type\":\"ImageObject\",\"inLanguage\":\"en-US\",\"@id\":\"https:\\\/\\\/xyliderm.fi\\\/#\\\/schema\\\/logo\\\/image\\\/\",\"url\":\"https:\\\/\\\/xyliderm.fi\\\/wp-content\\\/uploads\\\/2019\\\/11\\\/decem-logo-musta.png\",\"contentUrl\":\"https:\\\/\\\/xyliderm.fi\\\/wp-content\\\/uploads\\\/2019\\\/11\\\/decem-logo-musta.png\",\"width\":1000,\"height\":599,\"caption\":\"Decem Pharma Oy\"},\"image\":{\"@id\":\"https:\\\/\\\/xyliderm.fi\\\/#\\\/schema\\\/logo\\\/image\\\/\"},\"sameAs\":[\"https:\\\/\\\/www.facebook.com\\\/DecemPharma\\\/\"]}]}<\/script>\n<!-- \/ Yoast SEO plugin. -->","yoast_head_json":{"title":"Tietosuojaseloste - Xyliderm","robots":{"index":"index","follow":"follow","max-snippet":"max-snippet:-1","max-image-preview":"max-image-preview:large","max-video-preview":"max-video-preview:-1"},"canonical":"https:\/\/xyliderm.fi\/?page_id=353","og_locale":"en_US","og_type":"article","og_title":"Tietosuojaseloste - Xyliderm","og_description":"Decem Pharma Oy:n tietosuoja- ja rekisteriseloste Rekisterinpit\u00e4j\u00e4ll\u00e4 on tietosuoja-asetuksen mukaan velvollisuus informoida selke\u00e4ll\u00e4 tavallaDecem Pharma Oy:n hallinnoimien sivujen kautta mahdollisesti ker\u00e4tt\u00e4vist\u00e4 henkil\u00f6tiedoista. 1. Rekisterinpit\u00e4j\u00e4 Decem Pharma Oy Yhteystiedot:Pakkalankuja 601510 Vantaa Yhteystiedot rekisteri\u00e4 koskevissa asioissa Decem Pharma Oy \/ Erno LehtovirtaPakkalankuja 601510 Vantaa+358 50 430 5992erno.lehtovirta@decempharma.fi 2. Rekisterit Decem Pharma Oy ei ker\u00e4\u00e4 automaattisesti mit\u00e4\u00e4n henkil\u00f6tietoja [&hellip;]","og_url":"https:\/\/xyliderm.fi\/?page_id=353","og_site_name":"Xyliderm","article_publisher":"https:\/\/www.facebook.com\/DecemPharma\/","article_modified_time":"2019-11-27T06:28:09+00:00","twitter_card":"summary_large_image","twitter_misc":{"Est. reading time":"2 minutes"},"schema":{"@context":"https:\/\/schema.org","@graph":[{"@type":"WebPage","@id":"https:\/\/xyliderm.fi\/?page_id=353","url":"https:\/\/xyliderm.fi\/?page_id=353","name":"Tietosuojaseloste - Xyliderm","isPartOf":{"@id":"https:\/\/xyliderm.fi\/#website"},"datePublished":"2019-11-25T13:35:52+00:00","dateModified":"2019-11-27T06:28:09+00:00","breadcrumb":{"@id":"https:\/\/xyliderm.fi\/?page_id=353#breadcrumb"},"inLanguage":"en-US","potentialAction":[{"@type":"ReadAction","target":["https:\/\/xyliderm.fi\/?page_id=353"]}]},{"@type":"BreadcrumbList","@id":"https:\/\/xyliderm.fi\/?page_id=353#breadcrumb","itemListElement":[{"@type":"ListItem","position":1,"name":"Home","item":"https:\/\/xyliderm.fi\/"},{"@type":"ListItem","position":2,"name":"Tietosuojaseloste"}]},{"@type":"WebSite","@id":"https:\/\/xyliderm.fi\/#website","url":"https:\/\/xyliderm.fi\/","name":"Xyliderm","description":"Ksylitoli tekee hyv\u00e4\u00e4 my\u00f6s iholle","publisher":{"@id":"https:\/\/xyliderm.fi\/#organization"},"potentialAction":[{"@type":"SearchAction","target":{"@type":"EntryPoint","urlTemplate":"https:\/\/xyliderm.fi\/?s={search_term_string}"},"query-input":{"@type":"PropertyValueSpecification","valueRequired":true,"valueName":"search_term_string"}}],"inLanguage":"en-US"},{"@type":"Organization","@id":"https:\/\/xyliderm.fi\/#organization","name":"Decem Pharma Oy","url":"https:\/\/xyliderm.fi\/","logo":{"@type":"ImageObject","inLanguage":"en-US","@id":"https:\/\/xyliderm.fi\/#\/schema\/logo\/image\/","url":"https:\/\/xyliderm.fi\/wp-content\/uploads\/2019\/11\/decem-logo-musta.png","contentUrl":"https:\/\/xyliderm.fi\/wp-content\/uploads\/2019\/11\/decem-logo-musta.png","width":1000,"height":599,"caption":"Decem Pharma Oy"},"image":{"@id":"https:\/\/xyliderm.fi\/#\/schema\/logo\/image\/"},"sameAs":["https:\/\/www.facebook.com\/DecemPharma\/"]}]}},"_links":{"self":[{"href":"https:\/\/xyliderm.fi\/index.php?rest_route=\/wp\/v2\/pages\/353","targetHints":{"allow":["GET"]}}],"collection":[{"href":"https:\/\/xyliderm.fi\/index.php?rest_route=\/wp\/v2\/pages"}],"about":[{"href":"https:\/\/xyliderm.fi\/index.php?rest_route=\/wp\/v2\/types\/page"}],"author":[{"embeddable":true,"href":"https:\/\/xyliderm.fi\/index.php?rest_route=\/wp\/v2\/users\/1"}],"replies":[{"embeddable":true,"href":"https:\/\/xyliderm.fi\/index.php?rest_route=%2Fwp%2Fv2%2Fcomments&post=353"}],"version-history":[{"count":9,"href":"https:\/\/xyliderm.fi\/index.php?rest_route=\/wp\/v2\/pages\/353\/revisions"}],"predecessor-version":[{"id":389,"href":"https:\/\/xyliderm.fi\/index.php?rest_route=\/wp\/v2\/pages\/353\/revisions\/389"}],"wp:attachment":[{"href":"https:\/\/xyliderm.fi\/index.php?rest_route=%2Fwp%2Fv2%2Fmedia&parent=353"}],"curies":[{"name":"wp","href":"https:\/\/api.w.org\/{rel}","templated":true}]}}